{"id":2929,"date":"2014-09-16T07:28:00","date_gmt":"2014-09-16T07:28:00","guid":{"rendered":"http:\/\/www.greengearglobal.com\/sk\/product\/lpg-propane-lawn-mower-lm-b16p\/"},"modified":"2017-01-20T07:46:21","modified_gmt":"2017-01-20T07:46:21","slug":"lpgpropanova-kosacka-lm-b16p","status":"publish","type":"product","link":"https:\/\/www.greengearglobal.com\/sk\/produkt\/lpgpropanova-kosacka-lm-b16p\/","title":{"rendered":"LPG\/prop\u00e1nov\u00e1 kosa\u010dka LM-B16P"},"content":{"rendered":"","protected":false},"excerpt":{"rendered":"<p>Kosa\u010dka Greengear LM-B16P LPG s ru\u010dn\u00fdm pojazdom pon\u00faka 10 polohov\u00e9 nastavenie v\u00fd\u0161ky kosenia a z\u00e1ber 400 mm.<\/p>\n\n\t\t<!-- MasterSlider -->\n\t\t<div id=\"P_MS5c9b299a25d15\" class=\"master-slider-parent msl ms-parent-id-3\" style=\"max-width:840px;\"  >\n\n\t\t\t\n\t\t\t<!-- MasterSlider Main -->\n\t\t\t<div id=\"MS5c9b299a25d15\" class=\"master-slider ms-skin-default\" >\n\t\t\t\t \t\t\t\t \n\t\t\t\t<div  class=\"ms-slide\" data-delay=\"3\" data-fill-mode=\"fill\"  >\n\t\t\t\t\t<img decoding=\"async\" src=\"https:\/\/www.greengearglobal.com\/wp-content\/plugins\/master-slider\/public\/assets\/css\/blank.gif\" alt=\"\" title=\"\" data-src=\"https:\/\/www.greengearglobal.com\/wp-content\/uploads\/2016\/10\/tagliaerba-scocca.jpg\" \/>\n\n\t\t\t\t\t<div class=\"ms-info\"><h1>Cutting Height Adjustment Handle<\/h1><hr \/><p>Allows for precision cutting with up to 10 adjustments, easily adjustable based on grass type and area shape.<\/p><\/div>\n\n\n\t<img decoding=\"async\" class=\"ms-thumb\" src=\"https:\/\/www.greengearglobal.com\/wp-content\/uploads\/2016\/10\/tagliaerba-scocca.jpg\" alt=\"\" \/>\n\t<div class=\"ms-thumb\" ><div class=\"ms-tab-context\"><div class=&quot;ms-tab-context&quot;><\/div><\/div>\n<\/div>\n\t\t\t\t<\/div>\n\t\t\t\t<div  class=\"ms-slide\" data-delay=\"5\" data-fill-mode=\"fill\"  >\n\t\t\t\t\t<img decoding=\"async\" src=\"https:\/\/www.greengearglobal.com\/wp-content\/plugins\/master-slider\/public\/assets\/css\/blank.gif\" alt=\"\" title=\"\" data-src=\"https:\/\/www.greengearglobal.com\/wp-content\/uploads\/2016\/10\/Cylinder-Bracket.jpg\" \/>\n\n\t\t\t\t\t<div class=\"ms-info\"><h1>Cylinder Bracket<\/h1><hr \/><p>If you prefer to use an LPG cylinder, Greengear offer as an accessory, an optional bracket for each model of the lawnmower. This is able to accommodate different types of LPG cylinders, allowing for more commercial use.<\/p><h1>\u00a0<\/h1><\/div>\n\n\n\t<img decoding=\"async\" class=\"ms-thumb\" src=\"https:\/\/www.greengearglobal.com\/wp-content\/uploads\/2016\/10\/Cylinder-Bracket.jpg\" alt=\"\" \/>\n\t<div class=\"ms-thumb\" ><div class=\"ms-tab-context\"><div class=&quot;ms-tab-context&quot;><\/div><\/div>\n<\/div>\n\t\t\t\t<\/div>\n\t\t\t\t<div  class=\"ms-slide\" data-delay=\"3\" data-fill-mode=\"fill\"  >\n\t\t\t\t\t<img decoding=\"async\" src=\"https:\/\/www.greengearglobal.com\/wp-content\/plugins\/master-slider\/public\/assets\/css\/blank.gif\" alt=\"\" title=\"\" data-src=\"https:\/\/www.greengearglobal.com\/wp-content\/uploads\/2016\/10\/Steel-Deck.jpg\" \/>\n\n\t\t\t\t\t<div class=\"ms-info\"><h1>Steel Deck<\/h1><hr \/><p>The deck of the lawnmower is made from steel, allowing more durability and robustness than other materials.<\/p><\/div>\n\n\n\t<img decoding=\"async\" class=\"ms-thumb\" src=\"https:\/\/www.greengearglobal.com\/wp-content\/uploads\/2016\/10\/Steel-Deck.jpg\" alt=\"\" \/>\n\t<div class=\"ms-thumb\" ><div class=\"ms-tab-context\"><div class=&quot;ms-tab-context&quot;><\/div><\/div>\n<\/div>\n\t\t\t\t<\/div>\n\t\t\t\t<div  class=\"ms-slide\" data-delay=\"3\" data-fill-mode=\"fill\"  >\n\t\t\t\t\t<img decoding=\"async\" src=\"https:\/\/www.greengearglobal.com\/wp-content\/plugins\/master-slider\/public\/assets\/css\/blank.gif\" alt=\"\" title=\"\" data-src=\"https:\/\/www.greengearglobal.com\/wp-content\/uploads\/2016\/10\/Quick-Release-Handle.jpg\" \/>\n\n\t\t\t\t\t<div class=\"ms-info\"><h1>Quick-Release Handle<\/h1><hr \/><p>Easy fastening and release of the handlebar retainers.\u00a0<\/p><\/div>\n\n\n\t<img decoding=\"async\" class=\"ms-thumb\" src=\"https:\/\/www.greengearglobal.com\/wp-content\/uploads\/2016\/10\/Quick-Release-Handle.jpg\" alt=\"\" \/>\n\t<div class=\"ms-thumb\" ><div class=\"ms-tab-context\"><div class=&quot;ms-tab-context&quot;><\/div><\/div>\n<\/div>\n\t\t\t\t<\/div>\n\t\t\t\t<div  class=\"ms-slide\" data-delay=\"3\" data-fill-mode=\"fill\"  >\n\t\t\t\t\t<img decoding=\"async\" src=\"https:\/\/www.greengearglobal.com\/wp-content\/plugins\/master-slider\/public\/assets\/css\/blank.gif\" alt=\"\" title=\"\" data-src=\"https:\/\/www.greengearglobal.com\/wp-content\/uploads\/2016\/10\/Foldable-Handlebar.jpg\" \/>\n\n\t\t\t\t\t<div class=\"ms-info\"><h1>Foldable Handlebar<\/h1><hr \/><p>When it is time to stow or transport the mower, the foldable handlebars make this is a simple and easy task. Allowing the mower to become much more compact for storage spaces.\u00a0<\/p><\/div>\n\n\n\t<img decoding=\"async\" class=\"ms-thumb\" src=\"https:\/\/www.greengearglobal.com\/wp-content\/uploads\/2016\/10\/Foldable-Handlebar.jpg\" alt=\"\" \/>\n\t<div class=\"ms-thumb\" ><div class=\"ms-tab-context\"><div class=&quot;ms-tab-context&quot;><\/div><\/div>\n<\/div>\n\t\t\t\t<\/div>\n\n\t\t\t<\/div>\n\t\t\t<!-- END MasterSlider Main -->\n\n\t\t\t \n\t\t<\/div>\n\t\t<!-- END MasterSlider -->\n\n\t\t<script>\n\t\t(function ( $ ) {\n\t\t\t\"use strict\";\n\n\t\t\t$(function () {\n\t\t\t\tvar masterslider_5d15 = new MasterSlider();\n\n\t\t\t\t\/\/ slider controls\n\t\t\t\tmasterslider_5d15.control('arrows'     ,{ autohide:true, overVideo:true  });\n\t\t\t\tmasterslider_5d15.control('thumblist'  ,{ autohide:false, overVideo:true, dir:'h', speed:17, inset:false, arrows:false, hover:false, customClass:'', align:'bottom',type:'thumbs', margin:5, width:100, height:100, space:5, fillMode:'fill'  });\n\t\t\t\tmasterslider_5d15.control('slideinfo'  ,{ autohide:false, overVideo:true, dir:'v', align:'right',inset:false , margin:20  , size:300 });\n\t\t\t\t\/\/ slider setup\n\t\t\t\tmasterslider_5d15.setup(\"MS5c9b299a25d15\", {\n\t\t\t\t\t\twidth           : 600,\n\t\t\t\t\t\theight          : 400,\n\t\t\t\t\t\tminHeight       : 0,\n\t\t\t\t\t\tspace           : 0,\n\t\t\t\t\t\tstart           : 1,\n\t\t\t\t\t\tgrabCursor      : true,\n\t\t\t\t\t\tswipe           : true,\n\t\t\t\t\t\tmouse           : true,\n\t\t\t\t\t\tlayout          : \"boxed\",\n\t\t\t\t\t\twheel           : false,\n\t\t\t\t\t\tautoplay        : false,\n\t\t\t\t\t\tinstantStartLayers:false,\n\t\t\t\t\t\tloop            : false,\n\t\t\t\t\t\tshuffle         : false,\n\t\t\t\t\t\tpreload         : 0,\n\t\t\t\t\t\theightLimit     : true,\n\t\t\t\t\t\tautoHeight      : false,\n\t\t\t\t\t\tsmoothHeight    : true,\n\t\t\t\t\t\tendPause        : false,\n\t\t\t\t\t\toverPause       : true,\n\t\t\t\t\t\tfillMode        : \"fill\",\n\t\t\t\t\t\tcenterControls  : true,\n\t\t\t\t\t\tstartOnAppear   : false,\n\t\t\t\t\t\tlayersMode      : \"center\",\n\t\t\t\t\t\thideLayers      : false,\n\t\t\t\t\t\tfullscreenMargin: 0,\n\t\t\t\t\t\tspeed           : 20,\n\t\t\t\t\t\tdir             : \"h\",\n\t\t\t\t\t\tparallaxMode    : 'swipe',\n\t\t\t\t\t\tview            : \"basic\"\n\t\t\t\t});\n\n\t\t\t\t\n\t\t\t\twindow.masterslider_instances = window.masterslider_instances || [];\n\t\t\t\twindow.masterslider_instances.push( masterslider_5d15 );\n\t\t\t });\n\n\t\t})(jQuery);\n\t\t<\/script>\n\n\n","protected":false},"featured_media":2897,"comment_status":"open","ping_status":"closed","template":"","meta":[],"product_brand":[],"product_cat":[128,129],"product_tag":[130,119,120],"class_list":{"0":"post-2929","1":"product","2":"type-product","3":"status-publish","4":"has-post-thumbnail","6":"product_cat-garden-equipment-sk","7":"product_cat-lawn-mowers-sk","8":"product_tag-lawn-mower-sk","9":"product_tag-lpg-sk","10":"product_tag-propane-sk","12":"first","13":"instock","14":"shipping-taxable","15":"product-type-simple"},"yoast_head":"<!-- This site is optimized with the Yoast SEO plugin v27.0 - https:\/\/yoast.com\/product\/yoast-seo-wordpress\/ -->\n<title>Greengear LPG Powered Equipment<\/title>\n<meta name=\"robots\" content=\"index, follow, max-snippet:-1, max-image-preview:large, max-video-preview:-1\" \/>\n<link rel=\"canonical\" href=\"https:\/\/www.greengearglobal.com\/sk\/produkt\/lpgpropanova-kosacka-lm-b16p\/\" \/>\n<meta property=\"og:locale\" content=\"sk_SK\" \/>\n<meta property=\"og:type\" content=\"article\" \/>\n<meta property=\"og:title\" content=\"Greengear LPG Powered Equipment\" \/>\n<meta property=\"og:description\" content=\"Kosa\u010dka Greengear LM-B16P LPG s ru\u010dn\u00fdm pojazdom pon\u00faka 10 polohov\u00e9 nastavenie v\u00fd\u0161ky kosenia a z\u00e1ber 400 mm.\" \/>\n<meta property=\"og:url\" content=\"https:\/\/www.greengearglobal.com\/sk\/produkt\/lpgpropanova-kosacka-lm-b16p\/\" \/>\n<meta property=\"og:site_name\" content=\"Greengear\" \/>\n<meta property=\"article:publisher\" content=\"https:\/\/www.facebook.com\/greengear.co\" \/>\n<meta property=\"article:modified_time\" content=\"2017-01-20T07:46:21+00:00\" \/>\n<meta property=\"og:image\" content=\"https:\/\/www.greengearglobal.com\/wp-content\/uploads\/2016\/03\/lawn-mower-b-series.jpg\" \/>\n\t<meta property=\"og:image:width\" content=\"709\" \/>\n\t<meta property=\"og:image:height\" content=\"709\" \/>\n\t<meta property=\"og:image:type\" content=\"image\/jpeg\" \/>\n<script type=\"application\/ld+json\" class=\"yoast-schema-graph\">{\"@context\":\"https:\/\/schema.org\",\"@graph\":[{\"@type\":\"WebPage\",\"@id\":\"https:\/\/www.greengearglobal.com\/sk\/produkt\/lpgpropanova-kosacka-lm-b16p\/\",\"url\":\"https:\/\/www.greengearglobal.com\/sk\/produkt\/lpgpropanova-kosacka-lm-b16p\/\",\"name\":\"Greengear LPG Powered Equipment\",\"isPartOf\":{\"@id\":\"https:\/\/www.greengearglobal.com\/#website\"},\"primaryImageOfPage\":{\"@id\":\"https:\/\/www.greengearglobal.com\/sk\/produkt\/lpgpropanova-kosacka-lm-b16p\/#primaryimage\"},\"image\":{\"@id\":\"https:\/\/www.greengearglobal.com\/sk\/produkt\/lpgpropanova-kosacka-lm-b16p\/#primaryimage\"},\"thumbnailUrl\":\"https:\/\/www.greengearglobal.com\/wp-content\/uploads\/2016\/03\/lawn-mower-b-series.jpg\",\"datePublished\":\"2014-09-16T07:28:00+00:00\",\"dateModified\":\"2017-01-20T07:46:21+00:00\",\"breadcrumb\":{\"@id\":\"https:\/\/www.greengearglobal.com\/sk\/produkt\/lpgpropanova-kosacka-lm-b16p\/#breadcrumb\"},\"inLanguage\":\"sk-SK\",\"potentialAction\":[{\"@type\":\"ReadAction\",\"target\":[\"https:\/\/www.greengearglobal.com\/sk\/produkt\/lpgpropanova-kosacka-lm-b16p\/\"]}]},{\"@type\":\"ImageObject\",\"inLanguage\":\"sk-SK\",\"@id\":\"https:\/\/www.greengearglobal.com\/sk\/produkt\/lpgpropanova-kosacka-lm-b16p\/#primaryimage\",\"url\":\"https:\/\/www.greengearglobal.com\/wp-content\/uploads\/2016\/03\/lawn-mower-b-series.jpg\",\"contentUrl\":\"https:\/\/www.greengearglobal.com\/wp-content\/uploads\/2016\/03\/lawn-mower-b-series.jpg\",\"width\":709,\"height\":709},{\"@type\":\"BreadcrumbList\",\"@id\":\"https:\/\/www.greengearglobal.com\/sk\/produkt\/lpgpropanova-kosacka-lm-b16p\/#breadcrumb\",\"itemListElement\":[{\"@type\":\"ListItem\",\"position\":1,\"name\":\"Home\",\"item\":\"https:\/\/www.greengearglobal.com\/sk\/\"},{\"@type\":\"ListItem\",\"position\":2,\"name\":\"Shop\",\"item\":\"https:\/\/www.greengearglobal.com\/it\/shop\/\"},{\"@type\":\"ListItem\",\"position\":3,\"name\":\"LPG\/prop\u00e1nov\u00e1 kosa\u010dka LM-B16P\"}]},{\"@type\":\"WebSite\",\"@id\":\"https:\/\/www.greengearglobal.com\/#website\",\"url\":\"https:\/\/www.greengearglobal.com\/\",\"name\":\"Greengear\",\"description\":\"This is the Greengear Revolution\",\"publisher\":{\"@id\":\"https:\/\/www.greengearglobal.com\/#organization\"},\"potentialAction\":[{\"@type\":\"SearchAction\",\"target\":{\"@type\":\"EntryPoint\",\"urlTemplate\":\"https:\/\/www.greengearglobal.com\/?s={search_term_string}\"},\"query-input\":{\"@type\":\"PropertyValueSpecification\",\"valueRequired\":true,\"valueName\":\"search_term_string\"}}],\"inLanguage\":\"sk-SK\"},{\"@type\":\"Organization\",\"@id\":\"https:\/\/www.greengearglobal.com\/#organization\",\"name\":\"Greengear Global Srl\",\"url\":\"https:\/\/www.greengearglobal.com\/\",\"logo\":{\"@type\":\"ImageObject\",\"inLanguage\":\"sk-SK\",\"@id\":\"https:\/\/www.greengearglobal.com\/#\/schema\/logo\/image\/\",\"url\":\"https:\/\/www.greengearglobal.com\/wp-content\/uploads\/2016\/03\/logo-full@3x.png\",\"contentUrl\":\"https:\/\/www.greengearglobal.com\/wp-content\/uploads\/2016\/03\/logo-full@3x.png\",\"width\":578,\"height\":316,\"caption\":\"Greengear Global Srl\"},\"image\":{\"@id\":\"https:\/\/www.greengearglobal.com\/#\/schema\/logo\/image\/\"},\"sameAs\":[\"https:\/\/www.facebook.com\/greengear.co\",\"https:\/\/x.com\/greengear_\",\"https:\/\/www.linkedin.com\/company\/greengear-global\",\"https:\/\/www.youtube.com\/channel\/UCaeDkffBPME6DcC-wPuJL9w\"]}]}<\/script>\n<!-- \/ Yoast SEO plugin. -->","yoast_head_json":{"title":"Greengear LPG Powered Equipment","robots":{"index":"index","follow":"follow","max-snippet":"max-snippet:-1","max-image-preview":"max-image-preview:large","max-video-preview":"max-video-preview:-1"},"canonical":"https:\/\/www.greengearglobal.com\/sk\/produkt\/lpgpropanova-kosacka-lm-b16p\/","og_locale":"sk_SK","og_type":"article","og_title":"Greengear LPG Powered Equipment","og_description":"Kosa\u010dka Greengear LM-B16P LPG s ru\u010dn\u00fdm pojazdom pon\u00faka 10 polohov\u00e9 nastavenie v\u00fd\u0161ky kosenia a z\u00e1ber 400 mm.","og_url":"https:\/\/www.greengearglobal.com\/sk\/produkt\/lpgpropanova-kosacka-lm-b16p\/","og_site_name":"Greengear","article_publisher":"https:\/\/www.facebook.com\/greengear.co","article_modified_time":"2017-01-20T07:46:21+00:00","og_image":[{"width":709,"height":709,"url":"https:\/\/www.greengearglobal.com\/wp-content\/uploads\/2016\/03\/lawn-mower-b-series.jpg","type":"image\/jpeg"}],"schema":{"@context":"https:\/\/schema.org","@graph":[{"@type":"WebPage","@id":"https:\/\/www.greengearglobal.com\/sk\/produkt\/lpgpropanova-kosacka-lm-b16p\/","url":"https:\/\/www.greengearglobal.com\/sk\/produkt\/lpgpropanova-kosacka-lm-b16p\/","name":"Greengear LPG Powered Equipment","isPartOf":{"@id":"https:\/\/www.greengearglobal.com\/#website"},"primaryImageOfPage":{"@id":"https:\/\/www.greengearglobal.com\/sk\/produkt\/lpgpropanova-kosacka-lm-b16p\/#primaryimage"},"image":{"@id":"https:\/\/www.greengearglobal.com\/sk\/produkt\/lpgpropanova-kosacka-lm-b16p\/#primaryimage"},"thumbnailUrl":"https:\/\/www.greengearglobal.com\/wp-content\/uploads\/2016\/03\/lawn-mower-b-series.jpg","datePublished":"2014-09-16T07:28:00+00:00","dateModified":"2017-01-20T07:46:21+00:00","breadcrumb":{"@id":"https:\/\/www.greengearglobal.com\/sk\/produkt\/lpgpropanova-kosacka-lm-b16p\/#breadcrumb"},"inLanguage":"sk-SK","potentialAction":[{"@type":"ReadAction","target":["https:\/\/www.greengearglobal.com\/sk\/produkt\/lpgpropanova-kosacka-lm-b16p\/"]}]},{"@type":"ImageObject","inLanguage":"sk-SK","@id":"https:\/\/www.greengearglobal.com\/sk\/produkt\/lpgpropanova-kosacka-lm-b16p\/#primaryimage","url":"https:\/\/www.greengearglobal.com\/wp-content\/uploads\/2016\/03\/lawn-mower-b-series.jpg","contentUrl":"https:\/\/www.greengearglobal.com\/wp-content\/uploads\/2016\/03\/lawn-mower-b-series.jpg","width":709,"height":709},{"@type":"BreadcrumbList","@id":"https:\/\/www.greengearglobal.com\/sk\/produkt\/lpgpropanova-kosacka-lm-b16p\/#breadcrumb","itemListElement":[{"@type":"ListItem","position":1,"name":"Home","item":"https:\/\/www.greengearglobal.com\/sk\/"},{"@type":"ListItem","position":2,"name":"Shop","item":"https:\/\/www.greengearglobal.com\/it\/shop\/"},{"@type":"ListItem","position":3,"name":"LPG\/prop\u00e1nov\u00e1 kosa\u010dka LM-B16P"}]},{"@type":"WebSite","@id":"https:\/\/www.greengearglobal.com\/#website","url":"https:\/\/www.greengearglobal.com\/","name":"Greengear","description":"This is the Greengear Revolution","publisher":{"@id":"https:\/\/www.greengearglobal.com\/#organization"},"potentialAction":[{"@type":"SearchAction","target":{"@type":"EntryPoint","urlTemplate":"https:\/\/www.greengearglobal.com\/?s={search_term_string}"},"query-input":{"@type":"PropertyValueSpecification","valueRequired":true,"valueName":"search_term_string"}}],"inLanguage":"sk-SK"},{"@type":"Organization","@id":"https:\/\/www.greengearglobal.com\/#organization","name":"Greengear Global Srl","url":"https:\/\/www.greengearglobal.com\/","logo":{"@type":"ImageObject","inLanguage":"sk-SK","@id":"https:\/\/www.greengearglobal.com\/#\/schema\/logo\/image\/","url":"https:\/\/www.greengearglobal.com\/wp-content\/uploads\/2016\/03\/logo-full@3x.png","contentUrl":"https:\/\/www.greengearglobal.com\/wp-content\/uploads\/2016\/03\/logo-full@3x.png","width":578,"height":316,"caption":"Greengear Global Srl"},"image":{"@id":"https:\/\/www.greengearglobal.com\/#\/schema\/logo\/image\/"},"sameAs":["https:\/\/www.facebook.com\/greengear.co","https:\/\/x.com\/greengear_","https:\/\/www.linkedin.com\/company\/greengear-global","https:\/\/www.youtube.com\/channel\/UCaeDkffBPME6DcC-wPuJL9w"]}]}},"_links":{"self":[{"href":"https:\/\/www.greengearglobal.com\/sk\/wp-json\/wp\/v2\/product\/2929","targetHints":{"allow":["GET"]}}],"collection":[{"href":"https:\/\/www.greengearglobal.com\/sk\/wp-json\/wp\/v2\/product"}],"about":[{"href":"https:\/\/www.greengearglobal.com\/sk\/wp-json\/wp\/v2\/types\/product"}],"replies":[{"embeddable":true,"href":"https:\/\/www.greengearglobal.com\/sk\/wp-json\/wp\/v2\/comments?post=2929"}],"wp:featuredmedia":[{"embeddable":true,"href":"https:\/\/www.greengearglobal.com\/sk\/wp-json\/wp\/v2\/media\/2897"}],"wp:attachment":[{"href":"https:\/\/www.greengearglobal.com\/sk\/wp-json\/wp\/v2\/media?parent=2929"}],"wp:term":[{"taxonomy":"product_brand","embeddable":true,"href":"https:\/\/www.greengearglobal.com\/sk\/wp-json\/wp\/v2\/product_brand?post=2929"},{"taxonomy":"product_cat","embeddable":true,"href":"https:\/\/www.greengearglobal.com\/sk\/wp-json\/wp\/v2\/product_cat?post=2929"},{"taxonomy":"product_tag","embeddable":true,"href":"https:\/\/www.greengearglobal.com\/sk\/wp-json\/wp\/v2\/product_tag?post=2929"}],"curies":[{"name":"wp","href":"https:\/\/api.w.org\/{rel}","templated":true}]}}