{"id":2902,"date":"2014-10-27T16:48:51","date_gmt":"2014-10-27T16:48:51","guid":{"rendered":"http:\/\/www.greengearglobal.com\/sk\/product\/lpg-propane-zero-turn-mower-awyz4620bs\/"},"modified":"2017-01-18T08:16:11","modified_gmt":"2017-01-18T08:16:11","slug":"lpgpropanova-kosacka-s-nulovym-polomerom-otacania-awxz4620bs-viper","status":"publish","type":"product","link":"https:\/\/www.greengearglobal.com\/sk\/produkt\/lpgpropanova-kosacka-s-nulovym-polomerom-otacania-awxz4620bs-viper\/","title":{"rendered":"LPG\/prop\u00e1nov\u00e1 kosa\u010dka s nulov\u00fdm polomerom ot\u00e1\u010dania AWXZ4620BS Viper"},"content":{"rendered":"","protected":false},"excerpt":{"rendered":"<p>LPG\/prop\u00e1nov\u00e1 kosa\u010dka s nulov\u00fdm polomerom ot\u00e1\u010dania AWYZ4620BS Viper je \u0161peci\u00e1lne navrhnut\u00e1 pre pou\u017eitie reziden\u010dn\u00fdmi z\u00e1kazn\u00edkmi, ktor\u00ed h\u013eadaj\u00fa efekt\u00edvnu kosa\u010dku s mimoriadnou ovl\u00e1date\u013enos\u0165 a v\u00fdborn\u00fdm v\u00fdkonom kosenia. Kosa\u010dka m\u00f4\u017ee by\u0165 na vy\u017eiadanie vybaven\u00e1 mul\u010dovacou sadou.<\/p>\n<p>&nbsp;<\/p>\n\n\t\t<!-- MasterSlider -->\n\t\t<div id=\"P_MS5c9b447c4508b\" class=\"master-slider-parent msl ms-parent-id-9\" style=\"max-width:840px;\"  >\n\n\t\t\t\n\t\t\t<!-- MasterSlider Main -->\n\t\t\t<div id=\"MS5c9b447c4508b\" class=\"master-slider ms-skin-default\" >\n\t\t\t\t \t\t\t\t \n\t\t\t\t<div  class=\"ms-slide\" data-delay=\"3\" data-fill-mode=\"fill\"  >\n\t\t\t\t\t<img decoding=\"async\" src=\"https:\/\/www.greengearglobal.com\/wp-content\/plugins\/master-slider\/public\/assets\/css\/blank.gif\" alt=\"\" title=\"\" data-src=\"https:\/\/www.greengearglobal.com\/wp-content\/uploads\/2016\/10\/Cutting-Deck-with-Double-blades.jpg\" \/>\n\n\t\t\t\t\t<div class=\"ms-info\"><h1>Cutting Deck with Double Blades<\/h1><hr \/><p>The double blades allow for flawless precision mowing on a large scale.\u00a0<br \/>There are 7 possible adjustment positions on the Viper\u00a0model.<\/p><\/div>\n\n\n\t<img decoding=\"async\" class=\"ms-thumb\" src=\"https:\/\/www.greengearglobal.com\/wp-content\/uploads\/2016\/10\/Cutting-Deck-with-Double-blades.jpg\" alt=\"\" \/>\n\t<div class=\"ms-thumb\" ><div class=\"ms-tab-context\"><div class=&quot;ms-tab-context&quot;><\/div><\/div>\n<\/div>\n\t\t\t\t<\/div>\n\t\t\t\t<div  class=\"ms-slide\" data-delay=\"5\" data-fill-mode=\"fill\"  >\n\t\t\t\t\t<img decoding=\"async\" src=\"https:\/\/www.greengearglobal.com\/wp-content\/plugins\/master-slider\/public\/assets\/css\/blank.gif\" alt=\"\" title=\"\" data-src=\"https:\/\/www.greengearglobal.com\/wp-content\/uploads\/2016\/10\/Regulation-Height.jpg\" \/>\n\n\t\t\t\t\t<div class=\"ms-info\"><h1>Regulation Height Plate Cutting Blades<\/h1><hr \/><p>The blade height of the mower is controlled simply by moving a lever positioned to the right of the seat.<\/p><\/div>\n\n\n\t<img decoding=\"async\" class=\"ms-thumb\" src=\"https:\/\/www.greengearglobal.com\/wp-content\/uploads\/2016\/10\/Regulation-Height.jpg\" alt=\"\" \/>\n\t<div class=\"ms-thumb\" ><div class=\"ms-tab-context\"><div class=&quot;ms-tab-context&quot;><\/div><\/div>\n<\/div>\n\t\t\t\t<\/div>\n\t\t\t\t<div  class=\"ms-slide\" data-delay=\"3\" data-fill-mode=\"fill\"  >\n\t\t\t\t\t<img decoding=\"async\" src=\"https:\/\/www.greengearglobal.com\/wp-content\/plugins\/master-slider\/public\/assets\/css\/blank.gif\" alt=\"\" title=\"\" data-src=\"https:\/\/www.greengearglobal.com\/wp-content\/uploads\/2016\/10\/Hydraulic-Motors-for-Traction-and-Movement.jpg\" \/>\n\n\t\t\t\t\t<div class=\"ms-info\"><h1>Hydraulic Motors for Traction and Movement<\/h1><hr \/><p>Hydraulic motors allow the cutting blades to ensure accuracy and functionality for every type of user.<\/p><\/div>\n\n\n\t<img decoding=\"async\" class=\"ms-thumb\" src=\"https:\/\/www.greengearglobal.com\/wp-content\/uploads\/2016\/10\/Hydraulic-Motors-for-Traction-and-Movement.jpg\" alt=\"\" \/>\n\t<div class=\"ms-thumb\" ><div class=\"ms-tab-context\"><div class=&quot;ms-tab-context&quot;><\/div><\/div>\n<\/div>\n\t\t\t\t<\/div>\n\t\t\t\t<div  class=\"ms-slide\" data-delay=\"3\" data-fill-mode=\"fill\"  >\n\t\t\t\t\t<img decoding=\"async\" src=\"https:\/\/www.greengearglobal.com\/wp-content\/plugins\/master-slider\/public\/assets\/css\/blank.gif\" alt=\"\" title=\"\" data-src=\"https:\/\/www.greengearglobal.com\/wp-content\/uploads\/2016\/10\/Cylinder-Bracket-1.jpg\" \/>\n\n\t\t\t\t\t<div class=\"ms-info\"><h1>Cylinder Bracket<\/h1><hr \/><p>Several types of LPG cylinder brackets are available to suit different cylinder shapes and sizes.\u00a0<\/p><\/div>\n\n\n\t<img decoding=\"async\" class=\"ms-thumb\" src=\"https:\/\/www.greengearglobal.com\/wp-content\/uploads\/2016\/10\/Cylinder-Bracket-1.jpg\" alt=\"\" \/>\n\t<div class=\"ms-thumb\" ><div class=\"ms-tab-context\"><div class=&quot;ms-tab-context&quot;><\/div><\/div>\n<\/div>\n\t\t\t\t<\/div>\n\t\t\t\t<div  class=\"ms-slide\" data-delay=\"3\" data-fill-mode=\"fill\"  >\n\t\t\t\t\t<img decoding=\"async\" src=\"https:\/\/www.greengearglobal.com\/wp-content\/plugins\/master-slider\/public\/assets\/css\/blank.gif\" alt=\"\" title=\"\" data-src=\"https:\/\/www.greengearglobal.com\/wp-content\/uploads\/2016\/10\/Ergonomic-Comfortable-Seat.jpg\" \/>\n\n\t\t\t\t\t<div class=\"ms-info\"><h1>Ergonomic, Comfortable and Adjustable Seat<\/h1><hr \/><p>Thanks to a padded seat and sturdy armrests, mowing can be comfortable for long periods of time.\u00a0<\/p><\/div>\n\n\n\t<img decoding=\"async\" class=\"ms-thumb\" src=\"https:\/\/www.greengearglobal.com\/wp-content\/uploads\/2016\/10\/Ergonomic-Comfortable-Seat.jpg\" alt=\"\" \/>\n\t<div class=\"ms-thumb\" ><div class=\"ms-tab-context\"><div class=&quot;ms-tab-context&quot;><\/div><\/div>\n<\/div>\n\t\t\t\t<\/div>\n\n\t\t\t<\/div>\n\t\t\t<!-- END MasterSlider Main -->\n\n\t\t\t \n\t\t<\/div>\n\t\t<!-- END MasterSlider -->\n\n\t\t<script>\n\t\t(function ( $ ) {\n\t\t\t\"use strict\";\n\n\t\t\t$(function () {\n\t\t\t\tvar masterslider_508b = new MasterSlider();\n\n\t\t\t\t\/\/ slider controls\n\t\t\t\tmasterslider_508b.control('arrows'     ,{ autohide:true, overVideo:true  });\n\t\t\t\tmasterslider_508b.control('thumblist'  ,{ autohide:false, overVideo:true, dir:'h', speed:17, inset:false, arrows:false, hover:false, customClass:'', align:'bottom',type:'thumbs', margin:5, width:100, height:100, space:5, fillMode:'fill'  });\n\t\t\t\tmasterslider_508b.control('slideinfo'  ,{ autohide:false, overVideo:true, dir:'v', align:'right',inset:false , margin:20  , size:300 });\n\t\t\t\t\/\/ slider setup\n\t\t\t\tmasterslider_508b.setup(\"MS5c9b447c4508b\", {\n\t\t\t\t\t\twidth           : 600,\n\t\t\t\t\t\theight          : 400,\n\t\t\t\t\t\tminHeight       : 0,\n\t\t\t\t\t\tspace           : 0,\n\t\t\t\t\t\tstart           : 1,\n\t\t\t\t\t\tgrabCursor      : true,\n\t\t\t\t\t\tswipe           : true,\n\t\t\t\t\t\tmouse           : true,\n\t\t\t\t\t\tlayout          : \"boxed\",\n\t\t\t\t\t\twheel           : false,\n\t\t\t\t\t\tautoplay        : false,\n\t\t\t\t\t\tinstantStartLayers:false,\n\t\t\t\t\t\tloop            : false,\n\t\t\t\t\t\tshuffle         : false,\n\t\t\t\t\t\tpreload         : 0,\n\t\t\t\t\t\theightLimit     : true,\n\t\t\t\t\t\tautoHeight      : false,\n\t\t\t\t\t\tsmoothHeight    : true,\n\t\t\t\t\t\tendPause        : false,\n\t\t\t\t\t\toverPause       : true,\n\t\t\t\t\t\tfillMode        : \"fill\",\n\t\t\t\t\t\tcenterControls  : true,\n\t\t\t\t\t\tstartOnAppear   : false,\n\t\t\t\t\t\tlayersMode      : \"center\",\n\t\t\t\t\t\thideLayers      : false,\n\t\t\t\t\t\tfullscreenMargin: 0,\n\t\t\t\t\t\tspeed           : 20,\n\t\t\t\t\t\tdir             : \"h\",\n\t\t\t\t\t\tparallaxMode    : 'swipe',\n\t\t\t\t\t\tview            : \"basic\"\n\t\t\t\t});\n\n\t\t\t\t\n\t\t\t\twindow.masterslider_instances = window.masterslider_instances || [];\n\t\t\t\twindow.masterslider_instances.push( masterslider_508b );\n\t\t\t });\n\n\t\t})(jQuery);\n\t\t<\/script>\n\n\n","protected":false},"featured_media":2901,"comment_status":"open","ping_status":"closed","template":"","meta":[],"product_brand":[],"product_cat":[118,132],"product_tag":[133,134,119,135,120,136,137],"class_list":{"0":"post-2902","1":"product","2":"type-product","3":"status-publish","4":"has-post-thumbnail","6":"product_cat-non-road-equipment-sk","7":"product_cat-zero-turn-mowers-sk","8":"product_tag-best-lawn-mower-sk","9":"product_tag-lawn-mower-tires-sk","10":"product_tag-lpg-sk","11":"product_tag-non-road-equipment-sk","12":"product_tag-propane-sk","13":"product_tag-riding-mower-sk","14":"product_tag-zero-turn-mower-sk","16":"first","17":"instock","18":"shipping-taxable","19":"product-type-simple"},"yoast_head":"<!-- This site is optimized with the Yoast SEO plugin v27.0 - https:\/\/yoast.com\/product\/yoast-seo-wordpress\/ -->\n<title>LPG \/ Propane Zero-Turn Mower AWYZ4620BS<\/title>\n<meta name=\"description\" content=\"The AWYZ4620BS LPG \/ Propane zero-turn mower designed for use by residential customers looking for an efficient mowing machine with exceptional maneuverability and trimming capability. Upon request, the lawnmower can be equipped with a mulching kit.\" \/>\n<meta name=\"robots\" content=\"index, follow, max-snippet:-1, max-image-preview:large, max-video-preview:-1\" \/>\n<link rel=\"canonical\" href=\"https:\/\/www.greengearglobal.com\/sk\/produkt\/lpgpropanova-kosacka-s-nulovym-polomerom-otacania-awxz4620bs-viper\/\" \/>\n<meta property=\"og:locale\" content=\"sk_SK\" \/>\n<meta property=\"og:type\" content=\"article\" \/>\n<meta property=\"og:title\" content=\"LPG \/ Propane Zero-Turn Mower AWYZ4620BS\" \/>\n<meta property=\"og:description\" content=\"The AWYZ4620BS LPG \/ Propane zero-turn mower designed for use by residential customers looking for an efficient mowing machine with exceptional maneuverability and trimming capability. Upon request, the lawnmower can be equipped with a mulching kit.\" \/>\n<meta property=\"og:url\" content=\"https:\/\/www.greengearglobal.com\/sk\/produkt\/lpgpropanova-kosacka-s-nulovym-polomerom-otacania-awxz4620bs-viper\/\" \/>\n<meta property=\"og:site_name\" content=\"Greengear\" \/>\n<meta property=\"article:publisher\" content=\"https:\/\/www.facebook.com\/greengear.co\" \/>\n<meta property=\"article:modified_time\" content=\"2017-01-18T08:16:11+00:00\" \/>\n<meta property=\"og:image\" content=\"https:\/\/www.greengearglobal.com\/wp-content\/uploads\/2014\/10\/Greengear-Propane-LPG-Outdoor-Powered-Equipment-Zero-Turn-Mower-AWYZ4620BSHKR.jpg\" \/>\n\t<meta property=\"og:image:width\" content=\"709\" \/>\n\t<meta property=\"og:image:height\" content=\"709\" \/>\n\t<meta property=\"og:image:type\" content=\"image\/jpeg\" \/>\n<script type=\"application\/ld+json\" class=\"yoast-schema-graph\">{\"@context\":\"https:\/\/schema.org\",\"@graph\":[{\"@type\":\"WebPage\",\"@id\":\"https:\/\/www.greengearglobal.com\/sk\/produkt\/lpgpropanova-kosacka-s-nulovym-polomerom-otacania-awxz4620bs-viper\/\",\"url\":\"https:\/\/www.greengearglobal.com\/sk\/produkt\/lpgpropanova-kosacka-s-nulovym-polomerom-otacania-awxz4620bs-viper\/\",\"name\":\"LPG \/ Propane Zero-Turn Mower AWYZ4620BS\",\"isPartOf\":{\"@id\":\"https:\/\/www.greengearglobal.com\/#website\"},\"primaryImageOfPage\":{\"@id\":\"https:\/\/www.greengearglobal.com\/sk\/produkt\/lpgpropanova-kosacka-s-nulovym-polomerom-otacania-awxz4620bs-viper\/#primaryimage\"},\"image\":{\"@id\":\"https:\/\/www.greengearglobal.com\/sk\/produkt\/lpgpropanova-kosacka-s-nulovym-polomerom-otacania-awxz4620bs-viper\/#primaryimage\"},\"thumbnailUrl\":\"https:\/\/www.greengearglobal.com\/wp-content\/uploads\/2014\/10\/Greengear-Propane-LPG-Outdoor-Powered-Equipment-Zero-Turn-Mower-AWYZ4620BSHKR.jpg\",\"datePublished\":\"2014-10-27T16:48:51+00:00\",\"dateModified\":\"2017-01-18T08:16:11+00:00\",\"description\":\"The AWYZ4620BS LPG \/ Propane zero-turn mower designed for use by residential customers looking for an efficient mowing machine with exceptional maneuverability and trimming capability. Upon request, the lawnmower can be equipped with a mulching kit.\",\"breadcrumb\":{\"@id\":\"https:\/\/www.greengearglobal.com\/sk\/produkt\/lpgpropanova-kosacka-s-nulovym-polomerom-otacania-awxz4620bs-viper\/#breadcrumb\"},\"inLanguage\":\"sk-SK\",\"potentialAction\":[{\"@type\":\"ReadAction\",\"target\":[\"https:\/\/www.greengearglobal.com\/sk\/produkt\/lpgpropanova-kosacka-s-nulovym-polomerom-otacania-awxz4620bs-viper\/\"]}]},{\"@type\":\"ImageObject\",\"inLanguage\":\"sk-SK\",\"@id\":\"https:\/\/www.greengearglobal.com\/sk\/produkt\/lpgpropanova-kosacka-s-nulovym-polomerom-otacania-awxz4620bs-viper\/#primaryimage\",\"url\":\"https:\/\/www.greengearglobal.com\/wp-content\/uploads\/2014\/10\/Greengear-Propane-LPG-Outdoor-Powered-Equipment-Zero-Turn-Mower-AWYZ4620BSHKR.jpg\",\"contentUrl\":\"https:\/\/www.greengearglobal.com\/wp-content\/uploads\/2014\/10\/Greengear-Propane-LPG-Outdoor-Powered-Equipment-Zero-Turn-Mower-AWYZ4620BSHKR.jpg\",\"width\":709,\"height\":709},{\"@type\":\"BreadcrumbList\",\"@id\":\"https:\/\/www.greengearglobal.com\/sk\/produkt\/lpgpropanova-kosacka-s-nulovym-polomerom-otacania-awxz4620bs-viper\/#breadcrumb\",\"itemListElement\":[{\"@type\":\"ListItem\",\"position\":1,\"name\":\"Home\",\"item\":\"https:\/\/www.greengearglobal.com\/sk\/\"},{\"@type\":\"ListItem\",\"position\":2,\"name\":\"Shop\",\"item\":\"https:\/\/www.greengearglobal.com\/it\/shop\/\"},{\"@type\":\"ListItem\",\"position\":3,\"name\":\"LPG\/prop\u00e1nov\u00e1 kosa\u010dka s nulov\u00fdm polomerom ot\u00e1\u010dania AWXZ4620BS Viper\"}]},{\"@type\":\"WebSite\",\"@id\":\"https:\/\/www.greengearglobal.com\/#website\",\"url\":\"https:\/\/www.greengearglobal.com\/\",\"name\":\"Greengear\",\"description\":\"This is the Greengear Revolution\",\"publisher\":{\"@id\":\"https:\/\/www.greengearglobal.com\/#organization\"},\"potentialAction\":[{\"@type\":\"SearchAction\",\"target\":{\"@type\":\"EntryPoint\",\"urlTemplate\":\"https:\/\/www.greengearglobal.com\/?s={search_term_string}\"},\"query-input\":{\"@type\":\"PropertyValueSpecification\",\"valueRequired\":true,\"valueName\":\"search_term_string\"}}],\"inLanguage\":\"sk-SK\"},{\"@type\":\"Organization\",\"@id\":\"https:\/\/www.greengearglobal.com\/#organization\",\"name\":\"Greengear Global Srl\",\"url\":\"https:\/\/www.greengearglobal.com\/\",\"logo\":{\"@type\":\"ImageObject\",\"inLanguage\":\"sk-SK\",\"@id\":\"https:\/\/www.greengearglobal.com\/#\/schema\/logo\/image\/\",\"url\":\"https:\/\/www.greengearglobal.com\/wp-content\/uploads\/2016\/03\/logo-full@3x.png\",\"contentUrl\":\"https:\/\/www.greengearglobal.com\/wp-content\/uploads\/2016\/03\/logo-full@3x.png\",\"width\":578,\"height\":316,\"caption\":\"Greengear Global Srl\"},\"image\":{\"@id\":\"https:\/\/www.greengearglobal.com\/#\/schema\/logo\/image\/\"},\"sameAs\":[\"https:\/\/www.facebook.com\/greengear.co\",\"https:\/\/x.com\/greengear_\",\"https:\/\/www.linkedin.com\/company\/greengear-global\",\"https:\/\/www.youtube.com\/channel\/UCaeDkffBPME6DcC-wPuJL9w\"]}]}<\/script>\n<!-- \/ Yoast SEO plugin. -->","yoast_head_json":{"title":"LPG \/ Propane Zero-Turn Mower AWYZ4620BS","description":"The AWYZ4620BS LPG \/ Propane zero-turn mower designed for use by residential customers looking for an efficient mowing machine with exceptional maneuverability and trimming capability. Upon request, the lawnmower can be equipped with a mulching kit.","robots":{"index":"index","follow":"follow","max-snippet":"max-snippet:-1","max-image-preview":"max-image-preview:large","max-video-preview":"max-video-preview:-1"},"canonical":"https:\/\/www.greengearglobal.com\/sk\/produkt\/lpgpropanova-kosacka-s-nulovym-polomerom-otacania-awxz4620bs-viper\/","og_locale":"sk_SK","og_type":"article","og_title":"LPG \/ Propane Zero-Turn Mower AWYZ4620BS","og_description":"The AWYZ4620BS LPG \/ Propane zero-turn mower designed for use by residential customers looking for an efficient mowing machine with exceptional maneuverability and trimming capability. Upon request, the lawnmower can be equipped with a mulching kit.","og_url":"https:\/\/www.greengearglobal.com\/sk\/produkt\/lpgpropanova-kosacka-s-nulovym-polomerom-otacania-awxz4620bs-viper\/","og_site_name":"Greengear","article_publisher":"https:\/\/www.facebook.com\/greengear.co","article_modified_time":"2017-01-18T08:16:11+00:00","og_image":[{"width":709,"height":709,"url":"https:\/\/www.greengearglobal.com\/wp-content\/uploads\/2014\/10\/Greengear-Propane-LPG-Outdoor-Powered-Equipment-Zero-Turn-Mower-AWYZ4620BSHKR.jpg","type":"image\/jpeg"}],"schema":{"@context":"https:\/\/schema.org","@graph":[{"@type":"WebPage","@id":"https:\/\/www.greengearglobal.com\/sk\/produkt\/lpgpropanova-kosacka-s-nulovym-polomerom-otacania-awxz4620bs-viper\/","url":"https:\/\/www.greengearglobal.com\/sk\/produkt\/lpgpropanova-kosacka-s-nulovym-polomerom-otacania-awxz4620bs-viper\/","name":"LPG \/ Propane Zero-Turn Mower AWYZ4620BS","isPartOf":{"@id":"https:\/\/www.greengearglobal.com\/#website"},"primaryImageOfPage":{"@id":"https:\/\/www.greengearglobal.com\/sk\/produkt\/lpgpropanova-kosacka-s-nulovym-polomerom-otacania-awxz4620bs-viper\/#primaryimage"},"image":{"@id":"https:\/\/www.greengearglobal.com\/sk\/produkt\/lpgpropanova-kosacka-s-nulovym-polomerom-otacania-awxz4620bs-viper\/#primaryimage"},"thumbnailUrl":"https:\/\/www.greengearglobal.com\/wp-content\/uploads\/2014\/10\/Greengear-Propane-LPG-Outdoor-Powered-Equipment-Zero-Turn-Mower-AWYZ4620BSHKR.jpg","datePublished":"2014-10-27T16:48:51+00:00","dateModified":"2017-01-18T08:16:11+00:00","description":"The AWYZ4620BS LPG \/ Propane zero-turn mower designed for use by residential customers looking for an efficient mowing machine with exceptional maneuverability and trimming capability. Upon request, the lawnmower can be equipped with a mulching kit.","breadcrumb":{"@id":"https:\/\/www.greengearglobal.com\/sk\/produkt\/lpgpropanova-kosacka-s-nulovym-polomerom-otacania-awxz4620bs-viper\/#breadcrumb"},"inLanguage":"sk-SK","potentialAction":[{"@type":"ReadAction","target":["https:\/\/www.greengearglobal.com\/sk\/produkt\/lpgpropanova-kosacka-s-nulovym-polomerom-otacania-awxz4620bs-viper\/"]}]},{"@type":"ImageObject","inLanguage":"sk-SK","@id":"https:\/\/www.greengearglobal.com\/sk\/produkt\/lpgpropanova-kosacka-s-nulovym-polomerom-otacania-awxz4620bs-viper\/#primaryimage","url":"https:\/\/www.greengearglobal.com\/wp-content\/uploads\/2014\/10\/Greengear-Propane-LPG-Outdoor-Powered-Equipment-Zero-Turn-Mower-AWYZ4620BSHKR.jpg","contentUrl":"https:\/\/www.greengearglobal.com\/wp-content\/uploads\/2014\/10\/Greengear-Propane-LPG-Outdoor-Powered-Equipment-Zero-Turn-Mower-AWYZ4620BSHKR.jpg","width":709,"height":709},{"@type":"BreadcrumbList","@id":"https:\/\/www.greengearglobal.com\/sk\/produkt\/lpgpropanova-kosacka-s-nulovym-polomerom-otacania-awxz4620bs-viper\/#breadcrumb","itemListElement":[{"@type":"ListItem","position":1,"name":"Home","item":"https:\/\/www.greengearglobal.com\/sk\/"},{"@type":"ListItem","position":2,"name":"Shop","item":"https:\/\/www.greengearglobal.com\/it\/shop\/"},{"@type":"ListItem","position":3,"name":"LPG\/prop\u00e1nov\u00e1 kosa\u010dka s nulov\u00fdm polomerom ot\u00e1\u010dania AWXZ4620BS Viper"}]},{"@type":"WebSite","@id":"https:\/\/www.greengearglobal.com\/#website","url":"https:\/\/www.greengearglobal.com\/","name":"Greengear","description":"This is the Greengear Revolution","publisher":{"@id":"https:\/\/www.greengearglobal.com\/#organization"},"potentialAction":[{"@type":"SearchAction","target":{"@type":"EntryPoint","urlTemplate":"https:\/\/www.greengearglobal.com\/?s={search_term_string}"},"query-input":{"@type":"PropertyValueSpecification","valueRequired":true,"valueName":"search_term_string"}}],"inLanguage":"sk-SK"},{"@type":"Organization","@id":"https:\/\/www.greengearglobal.com\/#organization","name":"Greengear Global Srl","url":"https:\/\/www.greengearglobal.com\/","logo":{"@type":"ImageObject","inLanguage":"sk-SK","@id":"https:\/\/www.greengearglobal.com\/#\/schema\/logo\/image\/","url":"https:\/\/www.greengearglobal.com\/wp-content\/uploads\/2016\/03\/logo-full@3x.png","contentUrl":"https:\/\/www.greengearglobal.com\/wp-content\/uploads\/2016\/03\/logo-full@3x.png","width":578,"height":316,"caption":"Greengear Global Srl"},"image":{"@id":"https:\/\/www.greengearglobal.com\/#\/schema\/logo\/image\/"},"sameAs":["https:\/\/www.facebook.com\/greengear.co","https:\/\/x.com\/greengear_","https:\/\/www.linkedin.com\/company\/greengear-global","https:\/\/www.youtube.com\/channel\/UCaeDkffBPME6DcC-wPuJL9w"]}]}},"_links":{"self":[{"href":"https:\/\/www.greengearglobal.com\/sk\/wp-json\/wp\/v2\/product\/2902","targetHints":{"allow":["GET"]}}],"collection":[{"href":"https:\/\/www.greengearglobal.com\/sk\/wp-json\/wp\/v2\/product"}],"about":[{"href":"https:\/\/www.greengearglobal.com\/sk\/wp-json\/wp\/v2\/types\/product"}],"replies":[{"embeddable":true,"href":"https:\/\/www.greengearglobal.com\/sk\/wp-json\/wp\/v2\/comments?post=2902"}],"wp:featuredmedia":[{"embeddable":true,"href":"https:\/\/www.greengearglobal.com\/sk\/wp-json\/wp\/v2\/media\/2901"}],"wp:attachment":[{"href":"https:\/\/www.greengearglobal.com\/sk\/wp-json\/wp\/v2\/media?parent=2902"}],"wp:term":[{"taxonomy":"product_brand","embeddable":true,"href":"https:\/\/www.greengearglobal.com\/sk\/wp-json\/wp\/v2\/product_brand?post=2902"},{"taxonomy":"product_cat","embeddable":true,"href":"https:\/\/www.greengearglobal.com\/sk\/wp-json\/wp\/v2\/product_cat?post=2902"},{"taxonomy":"product_tag","embeddable":true,"href":"https:\/\/www.greengearglobal.com\/sk\/wp-json\/wp\/v2\/product_tag?post=2902"}],"curies":[{"name":"wp","href":"https:\/\/api.w.org\/{rel}","templated":true}]}}