{"id":2899,"date":"2014-09-18T12:56:06","date_gmt":"2014-09-18T12:56:06","guid":{"rendered":"http:\/\/www.greengearglobal.com\/sk\/product\/lpg-propane-lawn-mower-lm-p22\/"},"modified":"2017-01-16T15:18:54","modified_gmt":"2017-01-16T15:18:54","slug":"lpgpropanova-kosacka-lm-p22","status":"publish","type":"product","link":"https:\/\/www.greengearglobal.com\/sk\/produkt\/lpgpropanova-kosacka-lm-p22\/","title":{"rendered":"LPG\/prop\u00e1nov\u00e1 kosa\u010dka LM-P22"},"content":{"rendered":"","protected":false},"excerpt":{"rendered":"<p>Kosa\u010dka Greengear LM-P22 LPG s vlastn\u00fdm pojazdom v\u00e1m poskytne profesion\u00e1lne v\u00fdsledky kosenia. Tento typ kosa\u010dka na tr\u00e1vu m\u00e1 pohon s ve\u013ek\u00fdm kolesom a pon\u00faka viacero mo\u017enost\u00ed spracovania tr\u00e1vy &#8211; vrecovanie, mul\u010dovanie alebo bo\u010dn\u00e9 vyhadzovanie tr\u00e1vy. Kosa\u010dka poskytuje flexibiln\u00fd v\u00fdkon pre v\u0161etky podmienky kosenia.<\/p>\n","protected":false},"featured_media":2895,"comment_status":"open","ping_status":"closed","template":"","meta":[],"product_brand":[],"product_cat":[128,129],"product_tag":[130,119,131,120],"class_list":{"0":"post-2899","1":"product","2":"type-product","3":"status-publish","4":"has-post-thumbnail","6":"product_cat-garden-equipment-sk","7":"product_cat-lawn-mowers-sk","8":"product_tag-lawn-mower-sk","9":"product_tag-lpg-sk","10":"product_tag-lpg-lawn-mower-propane-lawn-mower-sk","11":"product_tag-propane-sk","13":"first","14":"instock","15":"shipping-taxable","16":"product-type-simple"},"yoast_head":"<!-- This site is optimized with the Yoast SEO plugin v27.0 - https:\/\/yoast.com\/product\/yoast-seo-wordpress\/ -->\n<title>Greengear LPG Powered Equipment<\/title>\n<meta name=\"robots\" content=\"index, follow, max-snippet:-1, max-image-preview:large, max-video-preview:-1\" \/>\n<link rel=\"canonical\" href=\"https:\/\/www.greengearglobal.com\/sk\/produkt\/lpgpropanova-kosacka-lm-p22\/\" \/>\n<meta property=\"og:locale\" content=\"sk_SK\" \/>\n<meta property=\"og:type\" content=\"article\" \/>\n<meta property=\"og:title\" content=\"Greengear LPG Powered Equipment\" \/>\n<meta property=\"og:description\" content=\"Kosa\u010dka Greengear LM-P22 LPG s vlastn\u00fdm pojazdom v\u00e1m poskytne profesion\u00e1lne v\u00fdsledky kosenia. Tento typ kosa\u010dka na tr\u00e1vu m\u00e1 pohon s ve\u013ek\u00fdm kolesom a pon\u00faka viacero mo\u017enost\u00ed spracovania tr\u00e1vy - vrecovanie, mul\u010dovanie alebo bo\u010dn\u00e9 vyhadzovanie tr\u00e1vy. Kosa\u010dka poskytuje flexibiln\u00fd v\u00fdkon pre v\u0161etky podmienky kosenia.\" \/>\n<meta property=\"og:url\" content=\"https:\/\/www.greengearglobal.com\/sk\/produkt\/lpgpropanova-kosacka-lm-p22\/\" \/>\n<meta property=\"og:site_name\" content=\"Greengear\" \/>\n<meta property=\"article:publisher\" content=\"https:\/\/www.facebook.com\/greengear.co\" \/>\n<meta property=\"article:modified_time\" content=\"2017-01-16T15:18:54+00:00\" \/>\n<meta property=\"og:image\" content=\"https:\/\/www.greengearglobal.com\/wp-content\/uploads\/2016\/03\/lawn-mower-p-series.jpg\" \/>\n\t<meta property=\"og:image:width\" content=\"709\" \/>\n\t<meta property=\"og:image:height\" content=\"709\" \/>\n\t<meta property=\"og:image:type\" content=\"image\/jpeg\" \/>\n<script type=\"application\/ld+json\" class=\"yoast-schema-graph\">{\"@context\":\"https:\/\/schema.org\",\"@graph\":[{\"@type\":\"WebPage\",\"@id\":\"https:\/\/www.greengearglobal.com\/sk\/produkt\/lpgpropanova-kosacka-lm-p22\/\",\"url\":\"https:\/\/www.greengearglobal.com\/sk\/produkt\/lpgpropanova-kosacka-lm-p22\/\",\"name\":\"Greengear LPG Powered Equipment\",\"isPartOf\":{\"@id\":\"https:\/\/www.greengearglobal.com\/#website\"},\"primaryImageOfPage\":{\"@id\":\"https:\/\/www.greengearglobal.com\/sk\/produkt\/lpgpropanova-kosacka-lm-p22\/#primaryimage\"},\"image\":{\"@id\":\"https:\/\/www.greengearglobal.com\/sk\/produkt\/lpgpropanova-kosacka-lm-p22\/#primaryimage\"},\"thumbnailUrl\":\"https:\/\/www.greengearglobal.com\/wp-content\/uploads\/2016\/03\/lawn-mower-p-series.jpg\",\"datePublished\":\"2014-09-18T12:56:06+00:00\",\"dateModified\":\"2017-01-16T15:18:54+00:00\",\"breadcrumb\":{\"@id\":\"https:\/\/www.greengearglobal.com\/sk\/produkt\/lpgpropanova-kosacka-lm-p22\/#breadcrumb\"},\"inLanguage\":\"sk-SK\",\"potentialAction\":[{\"@type\":\"ReadAction\",\"target\":[\"https:\/\/www.greengearglobal.com\/sk\/produkt\/lpgpropanova-kosacka-lm-p22\/\"]}]},{\"@type\":\"ImageObject\",\"inLanguage\":\"sk-SK\",\"@id\":\"https:\/\/www.greengearglobal.com\/sk\/produkt\/lpgpropanova-kosacka-lm-p22\/#primaryimage\",\"url\":\"https:\/\/www.greengearglobal.com\/wp-content\/uploads\/2016\/03\/lawn-mower-p-series.jpg\",\"contentUrl\":\"https:\/\/www.greengearglobal.com\/wp-content\/uploads\/2016\/03\/lawn-mower-p-series.jpg\",\"width\":709,\"height\":709},{\"@type\":\"BreadcrumbList\",\"@id\":\"https:\/\/www.greengearglobal.com\/sk\/produkt\/lpgpropanova-kosacka-lm-p22\/#breadcrumb\",\"itemListElement\":[{\"@type\":\"ListItem\",\"position\":1,\"name\":\"Home\",\"item\":\"https:\/\/www.greengearglobal.com\/sk\/\"},{\"@type\":\"ListItem\",\"position\":2,\"name\":\"Shop\",\"item\":\"https:\/\/www.greengearglobal.com\/it\/shop\/\"},{\"@type\":\"ListItem\",\"position\":3,\"name\":\"LPG\/prop\u00e1nov\u00e1 kosa\u010dka LM-P22\"}]},{\"@type\":\"WebSite\",\"@id\":\"https:\/\/www.greengearglobal.com\/#website\",\"url\":\"https:\/\/www.greengearglobal.com\/\",\"name\":\"Greengear\",\"description\":\"This is the Greengear Revolution\",\"publisher\":{\"@id\":\"https:\/\/www.greengearglobal.com\/#organization\"},\"potentialAction\":[{\"@type\":\"SearchAction\",\"target\":{\"@type\":\"EntryPoint\",\"urlTemplate\":\"https:\/\/www.greengearglobal.com\/?s={search_term_string}\"},\"query-input\":{\"@type\":\"PropertyValueSpecification\",\"valueRequired\":true,\"valueName\":\"search_term_string\"}}],\"inLanguage\":\"sk-SK\"},{\"@type\":\"Organization\",\"@id\":\"https:\/\/www.greengearglobal.com\/#organization\",\"name\":\"Greengear Global Srl\",\"url\":\"https:\/\/www.greengearglobal.com\/\",\"logo\":{\"@type\":\"ImageObject\",\"inLanguage\":\"sk-SK\",\"@id\":\"https:\/\/www.greengearglobal.com\/#\/schema\/logo\/image\/\",\"url\":\"https:\/\/www.greengearglobal.com\/wp-content\/uploads\/2016\/03\/logo-full@3x.png\",\"contentUrl\":\"https:\/\/www.greengearglobal.com\/wp-content\/uploads\/2016\/03\/logo-full@3x.png\",\"width\":578,\"height\":316,\"caption\":\"Greengear Global Srl\"},\"image\":{\"@id\":\"https:\/\/www.greengearglobal.com\/#\/schema\/logo\/image\/\"},\"sameAs\":[\"https:\/\/www.facebook.com\/greengear.co\",\"https:\/\/x.com\/greengear_\",\"https:\/\/www.linkedin.com\/company\/greengear-global\",\"https:\/\/www.youtube.com\/channel\/UCaeDkffBPME6DcC-wPuJL9w\"]}]}<\/script>\n<!-- \/ Yoast SEO plugin. -->","yoast_head_json":{"title":"Greengear LPG Powered Equipment","robots":{"index":"index","follow":"follow","max-snippet":"max-snippet:-1","max-image-preview":"max-image-preview:large","max-video-preview":"max-video-preview:-1"},"canonical":"https:\/\/www.greengearglobal.com\/sk\/produkt\/lpgpropanova-kosacka-lm-p22\/","og_locale":"sk_SK","og_type":"article","og_title":"Greengear LPG Powered Equipment","og_description":"Kosa\u010dka Greengear LM-P22 LPG s vlastn\u00fdm pojazdom v\u00e1m poskytne profesion\u00e1lne v\u00fdsledky kosenia. Tento typ kosa\u010dka na tr\u00e1vu m\u00e1 pohon s ve\u013ek\u00fdm kolesom a pon\u00faka viacero mo\u017enost\u00ed spracovania tr\u00e1vy - vrecovanie, mul\u010dovanie alebo bo\u010dn\u00e9 vyhadzovanie tr\u00e1vy. Kosa\u010dka poskytuje flexibiln\u00fd v\u00fdkon pre v\u0161etky podmienky kosenia.","og_url":"https:\/\/www.greengearglobal.com\/sk\/produkt\/lpgpropanova-kosacka-lm-p22\/","og_site_name":"Greengear","article_publisher":"https:\/\/www.facebook.com\/greengear.co","article_modified_time":"2017-01-16T15:18:54+00:00","og_image":[{"width":709,"height":709,"url":"https:\/\/www.greengearglobal.com\/wp-content\/uploads\/2016\/03\/lawn-mower-p-series.jpg","type":"image\/jpeg"}],"schema":{"@context":"https:\/\/schema.org","@graph":[{"@type":"WebPage","@id":"https:\/\/www.greengearglobal.com\/sk\/produkt\/lpgpropanova-kosacka-lm-p22\/","url":"https:\/\/www.greengearglobal.com\/sk\/produkt\/lpgpropanova-kosacka-lm-p22\/","name":"Greengear LPG Powered Equipment","isPartOf":{"@id":"https:\/\/www.greengearglobal.com\/#website"},"primaryImageOfPage":{"@id":"https:\/\/www.greengearglobal.com\/sk\/produkt\/lpgpropanova-kosacka-lm-p22\/#primaryimage"},"image":{"@id":"https:\/\/www.greengearglobal.com\/sk\/produkt\/lpgpropanova-kosacka-lm-p22\/#primaryimage"},"thumbnailUrl":"https:\/\/www.greengearglobal.com\/wp-content\/uploads\/2016\/03\/lawn-mower-p-series.jpg","datePublished":"2014-09-18T12:56:06+00:00","dateModified":"2017-01-16T15:18:54+00:00","breadcrumb":{"@id":"https:\/\/www.greengearglobal.com\/sk\/produkt\/lpgpropanova-kosacka-lm-p22\/#breadcrumb"},"inLanguage":"sk-SK","potentialAction":[{"@type":"ReadAction","target":["https:\/\/www.greengearglobal.com\/sk\/produkt\/lpgpropanova-kosacka-lm-p22\/"]}]},{"@type":"ImageObject","inLanguage":"sk-SK","@id":"https:\/\/www.greengearglobal.com\/sk\/produkt\/lpgpropanova-kosacka-lm-p22\/#primaryimage","url":"https:\/\/www.greengearglobal.com\/wp-content\/uploads\/2016\/03\/lawn-mower-p-series.jpg","contentUrl":"https:\/\/www.greengearglobal.com\/wp-content\/uploads\/2016\/03\/lawn-mower-p-series.jpg","width":709,"height":709},{"@type":"BreadcrumbList","@id":"https:\/\/www.greengearglobal.com\/sk\/produkt\/lpgpropanova-kosacka-lm-p22\/#breadcrumb","itemListElement":[{"@type":"ListItem","position":1,"name":"Home","item":"https:\/\/www.greengearglobal.com\/sk\/"},{"@type":"ListItem","position":2,"name":"Shop","item":"https:\/\/www.greengearglobal.com\/it\/shop\/"},{"@type":"ListItem","position":3,"name":"LPG\/prop\u00e1nov\u00e1 kosa\u010dka LM-P22"}]},{"@type":"WebSite","@id":"https:\/\/www.greengearglobal.com\/#website","url":"https:\/\/www.greengearglobal.com\/","name":"Greengear","description":"This is the Greengear Revolution","publisher":{"@id":"https:\/\/www.greengearglobal.com\/#organization"},"potentialAction":[{"@type":"SearchAction","target":{"@type":"EntryPoint","urlTemplate":"https:\/\/www.greengearglobal.com\/?s={search_term_string}"},"query-input":{"@type":"PropertyValueSpecification","valueRequired":true,"valueName":"search_term_string"}}],"inLanguage":"sk-SK"},{"@type":"Organization","@id":"https:\/\/www.greengearglobal.com\/#organization","name":"Greengear Global Srl","url":"https:\/\/www.greengearglobal.com\/","logo":{"@type":"ImageObject","inLanguage":"sk-SK","@id":"https:\/\/www.greengearglobal.com\/#\/schema\/logo\/image\/","url":"https:\/\/www.greengearglobal.com\/wp-content\/uploads\/2016\/03\/logo-full@3x.png","contentUrl":"https:\/\/www.greengearglobal.com\/wp-content\/uploads\/2016\/03\/logo-full@3x.png","width":578,"height":316,"caption":"Greengear Global Srl"},"image":{"@id":"https:\/\/www.greengearglobal.com\/#\/schema\/logo\/image\/"},"sameAs":["https:\/\/www.facebook.com\/greengear.co","https:\/\/x.com\/greengear_","https:\/\/www.linkedin.com\/company\/greengear-global","https:\/\/www.youtube.com\/channel\/UCaeDkffBPME6DcC-wPuJL9w"]}]}},"_links":{"self":[{"href":"https:\/\/www.greengearglobal.com\/sk\/wp-json\/wp\/v2\/product\/2899","targetHints":{"allow":["GET"]}}],"collection":[{"href":"https:\/\/www.greengearglobal.com\/sk\/wp-json\/wp\/v2\/product"}],"about":[{"href":"https:\/\/www.greengearglobal.com\/sk\/wp-json\/wp\/v2\/types\/product"}],"replies":[{"embeddable":true,"href":"https:\/\/www.greengearglobal.com\/sk\/wp-json\/wp\/v2\/comments?post=2899"}],"wp:featuredmedia":[{"embeddable":true,"href":"https:\/\/www.greengearglobal.com\/sk\/wp-json\/wp\/v2\/media\/2895"}],"wp:attachment":[{"href":"https:\/\/www.greengearglobal.com\/sk\/wp-json\/wp\/v2\/media?parent=2899"}],"wp:term":[{"taxonomy":"product_brand","embeddable":true,"href":"https:\/\/www.greengearglobal.com\/sk\/wp-json\/wp\/v2\/product_brand?post=2899"},{"taxonomy":"product_cat","embeddable":true,"href":"https:\/\/www.greengearglobal.com\/sk\/wp-json\/wp\/v2\/product_cat?post=2899"},{"taxonomy":"product_tag","embeddable":true,"href":"https:\/\/www.greengearglobal.com\/sk\/wp-json\/wp\/v2\/product_tag?post=2899"}],"curies":[{"name":"wp","href":"https:\/\/api.w.org\/{rel}","templated":true}]}}