{"id":2879,"date":"2014-10-27T16:43:07","date_gmt":"2014-10-27T16:43:07","guid":{"rendered":"http:\/\/www.greengearglobal.com\/sk\/product\/lpg-propane-minitransporter-amti-4-0c\/"},"modified":"2017-01-13T13:49:43","modified_gmt":"2017-01-13T13:49:43","slug":"lpgpropanovy-minitransporter-amti-4-0c","status":"publish","type":"product","link":"https:\/\/www.greengearglobal.com\/sk\/produkt\/lpgpropanovy-minitransporter-amti-4-0c\/","title":{"rendered":"LPG\/prop\u00e1nov\u00fd minitransport\u00e9r AMTI-4.0C"},"content":{"rendered":"","protected":false},"excerpt":{"rendered":"<p>LPG\/prop\u00e1nov\u00fd minitransport\u00e9r AMTI-4.0C m\u00f4\u017ee by\u0165 vhodn\u00fdm pomocn\u00edkom na dru\u017estve alebo stavbe, preto\u017ee v\u010faka motoru dok\u00e1\u017ee prepravi\u0165 \u0165a\u017ek\u00e9 bremen\u00e1. Lo\u017en\u00e1 locha m\u00e1 proti\u0161mykov\u00e9 p\u00e1sy a v prednej \u010dasti upev\u0148ovacie ok\u00e1 pre  zaistenie n\u00e1kladu. <\/p>\n\n\t\t<!-- MasterSlider -->\n\t\t<div id=\"P_MS5c9b65471f469\" class=\"master-slider-parent msl ms-parent-id-10\" style=\"max-width:840px;\"  >\n\n\t\t\t\n\t\t\t<!-- MasterSlider Main -->\n\t\t\t<div id=\"MS5c9b65471f469\" class=\"master-slider ms-skin-default\" >\n\t\t\t\t \t\t\t\t \n\t\t\t\t<div  class=\"ms-slide\" data-delay=\"3\" data-fill-mode=\"fill\"  >\n\t\t\t\t\t<img decoding=\"async\" src=\"https:\/\/www.greengearglobal.com\/wp-content\/plugins\/master-slider\/public\/assets\/css\/blank.gif\" alt=\"\" title=\"\" data-src=\"https:\/\/www.greengearglobal.com\/wp-content\/uploads\/2016\/10\/Hydraulic-Tipping.jpg\" \/>\n\n\t\t\t\t\t<div class=\"ms-info\"><h1>Hydraulic Tipping<\/h1><hr \/><p>The hydraulic tipping feature of the Transporters allows for easy emptying of the contents of the bucket without strain.<\/p><\/div>\n\n\n\t<img decoding=\"async\" class=\"ms-thumb\" src=\"https:\/\/www.greengearglobal.com\/wp-content\/uploads\/2016\/10\/Hydraulic-Tipping.jpg\" alt=\"\" \/>\n\t<div class=\"ms-thumb\" ><div class=\"ms-tab-context\"><div class=&quot;ms-tab-context&quot;><\/div><\/div>\n<\/div>\n\t\t\t\t<\/div>\n\t\t\t\t<div  class=\"ms-slide\" data-delay=\"3\" data-fill-mode=\"fill\"  >\n\t\t\t\t\t<img decoding=\"async\" src=\"https:\/\/www.greengearglobal.com\/wp-content\/plugins\/master-slider\/public\/assets\/css\/blank.gif\" alt=\"\" title=\"\" data-src=\"https:\/\/www.greengearglobal.com\/wp-content\/uploads\/2016\/10\/Controller.jpg\" \/>\n\n\t\t\t\t\t<div class=\"ms-info\"><h1>Controller<\/h1><hr \/><p>A convenient handle that allows easy operation of the Transporter in even the most difficult terrain and confined spaces.<\/p><\/div>\n\n\n\t<img decoding=\"async\" class=\"ms-thumb\" src=\"https:\/\/www.greengearglobal.com\/wp-content\/uploads\/2016\/10\/Controller.jpg\" alt=\"\" \/>\n\t<div class=\"ms-thumb\" ><div class=\"ms-tab-context\"><div class=&quot;ms-tab-context&quot;><\/div><\/div>\n<\/div>\n\t\t\t\t<\/div>\n\t\t\t\t<div  class=\"ms-slide\" data-delay=\"3\" data-fill-mode=\"fill\"  >\n\t\t\t\t\t<img decoding=\"async\" src=\"https:\/\/www.greengearglobal.com\/wp-content\/plugins\/master-slider\/public\/assets\/css\/blank.gif\" alt=\"\" title=\"\" data-src=\"https:\/\/www.greengearglobal.com\/wp-content\/uploads\/2016\/10\/Resistant-Bracket.jpg\" \/>\n\n\t\t\t\t\t<div class=\"ms-info\"><h1>Resistant Bucket<\/h1><hr \/><p>Equipped with a sturdy frame with steel thick bucket, which limits vibration and noise.<\/p><\/div>\n\n\n\t<img decoding=\"async\" class=\"ms-thumb\" src=\"https:\/\/www.greengearglobal.com\/wp-content\/uploads\/2016\/10\/Resistant-Bracket.jpg\" alt=\"\" \/>\n\t<div class=\"ms-thumb\" ><div class=\"ms-tab-context\"><div class=&quot;ms-tab-context&quot;><\/div><\/div>\n<\/div>\n\t\t\t\t<\/div>\n\t\t\t\t<div  class=\"ms-slide\" data-delay=\"3\" data-fill-mode=\"fill\"  >\n\t\t\t\t\t<img decoding=\"async\" src=\"https:\/\/www.greengearglobal.com\/wp-content\/plugins\/master-slider\/public\/assets\/css\/blank.gif\" alt=\"\" title=\"\" data-src=\"https:\/\/www.greengearglobal.com\/wp-content\/uploads\/2016\/10\/Large-Crawler-Tracks.jpg\" \/>\n\n\t\t\t\t\t<div class=\"ms-info\"><h1>Large Crawler Tracks<\/h1><hr \/><p>Crawler tracks allow for a perfect front \/ rear balance which ensures the load distribution and exact adherence to the ground.<\/p><\/div>\n\n\n\t<img decoding=\"async\" class=\"ms-thumb\" src=\"https:\/\/www.greengearglobal.com\/wp-content\/uploads\/2016\/10\/Large-Crawler-Tracks.jpg\" alt=\"\" \/>\n\t<div class=\"ms-thumb\" ><div class=\"ms-tab-context\"><div class=&quot;ms-tab-context&quot;><\/div><\/div>\n<\/div>\n\t\t\t\t<\/div>\n\t\t\t\t<div  class=\"ms-slide\" data-delay=\"5\" data-fill-mode=\"fill\"  >\n\t\t\t\t\t<img decoding=\"async\" src=\"https:\/\/www.greengearglobal.com\/wp-content\/plugins\/master-slider\/public\/assets\/css\/blank.gif\" alt=\"\" title=\"\" data-src=\"https:\/\/www.greengearglobal.com\/wp-content\/uploads\/2016\/10\/Enerkit-2.jpg\" \/>\n\n\t\t\t\t\t<div class=\"ms-info\"><h1>Enerkit<\/h1><hr \/><p>Each Transporter is equipped with a unique LPG dedicated ENERKIT carburettor, allowing optimum performance. ENERKIT has an automatic safety shut off valve, stopping the fuel supply when the engine is off.\u00a0<\/p><\/div>\n\n\n\t<img decoding=\"async\" class=\"ms-thumb\" src=\"https:\/\/www.greengearglobal.com\/wp-content\/uploads\/2016\/10\/Enerkit-2.jpg\" alt=\"\" \/>\n\t<div class=\"ms-thumb\" ><div class=\"ms-tab-context\"><div class=&quot;ms-tab-context&quot;><\/div><\/div>\n<\/div>\n\t\t\t\t<\/div>\n\n\t\t\t<\/div>\n\t\t\t<!-- END MasterSlider Main -->\n\n\t\t\t \n\t\t<\/div>\n\t\t<!-- END MasterSlider -->\n\n\t\t<script>\n\t\t(function ( $ ) {\n\t\t\t\"use strict\";\n\n\t\t\t$(function () {\n\t\t\t\tvar masterslider_f469 = new MasterSlider();\n\n\t\t\t\t\/\/ slider controls\n\t\t\t\tmasterslider_f469.control('arrows'     ,{ autohide:true, overVideo:true  });\n\t\t\t\tmasterslider_f469.control('thumblist'  ,{ autohide:false, overVideo:true, dir:'h', speed:17, inset:false, arrows:false, hover:false, customClass:'', align:'bottom',type:'thumbs', margin:5, width:100, height:100, space:5, fillMode:'fill'  });\n\t\t\t\tmasterslider_f469.control('slideinfo'  ,{ autohide:false, overVideo:true, dir:'v', align:'right',inset:false , margin:20  , size:300 });\n\t\t\t\t\/\/ slider setup\n\t\t\t\tmasterslider_f469.setup(\"MS5c9b65471f469\", {\n\t\t\t\t\t\twidth           : 600,\n\t\t\t\t\t\theight          : 400,\n\t\t\t\t\t\tminHeight       : 0,\n\t\t\t\t\t\tspace           : 0,\n\t\t\t\t\t\tstart           : 1,\n\t\t\t\t\t\tgrabCursor      : true,\n\t\t\t\t\t\tswipe           : true,\n\t\t\t\t\t\tmouse           : true,\n\t\t\t\t\t\tlayout          : \"boxed\",\n\t\t\t\t\t\twheel           : false,\n\t\t\t\t\t\tautoplay        : false,\n\t\t\t\t\t\tinstantStartLayers:false,\n\t\t\t\t\t\tloop            : false,\n\t\t\t\t\t\tshuffle         : false,\n\t\t\t\t\t\tpreload         : 0,\n\t\t\t\t\t\theightLimit     : true,\n\t\t\t\t\t\tautoHeight      : false,\n\t\t\t\t\t\tsmoothHeight    : true,\n\t\t\t\t\t\tendPause        : false,\n\t\t\t\t\t\toverPause       : true,\n\t\t\t\t\t\tfillMode        : \"fill\",\n\t\t\t\t\t\tcenterControls  : true,\n\t\t\t\t\t\tstartOnAppear   : false,\n\t\t\t\t\t\tlayersMode      : \"center\",\n\t\t\t\t\t\thideLayers      : false,\n\t\t\t\t\t\tfullscreenMargin: 0,\n\t\t\t\t\t\tspeed           : 20,\n\t\t\t\t\t\tdir             : \"h\",\n\t\t\t\t\t\tparallaxMode    : 'swipe',\n\t\t\t\t\t\tview            : \"basic\"\n\t\t\t\t});\n\n\t\t\t\t\n\t\t\t\twindow.masterslider_instances = window.masterslider_instances || [];\n\t\t\t\twindow.masterslider_instances.push( masterslider_f469 );\n\t\t\t });\n\n\t\t})(jQuery);\n\t\t<\/script>\n\n\n","protected":false},"featured_media":2880,"comment_status":"open","ping_status":"closed","template":"","meta":[],"product_brand":[],"product_cat":[117,118],"product_tag":[119,120,121],"class_list":{"0":"post-2879","1":"product","2":"type-product","3":"status-publish","4":"has-post-thumbnail","6":"product_cat-mini-transporter-sk","7":"product_cat-non-road-equipment-sk","8":"product_tag-lpg-sk","9":"product_tag-propane-sk","10":"product_tag-transporter-sk","12":"first","13":"instock","14":"shipping-taxable","15":"product-type-simple"},"yoast_head":"<!-- This site is optimized with the Yoast SEO plugin v27.0 - https:\/\/yoast.com\/product\/yoast-seo-wordpress\/ -->\n<title>Greengear LPG Powered Equipment<\/title>\n<meta name=\"robots\" content=\"index, follow, max-snippet:-1, max-image-preview:large, max-video-preview:-1\" \/>\n<link rel=\"canonical\" href=\"https:\/\/www.greengearglobal.com\/sk\/produkt\/lpgpropanovy-minitransporter-amti-4-0c\/\" \/>\n<meta property=\"og:locale\" content=\"sk_SK\" \/>\n<meta property=\"og:type\" content=\"article\" \/>\n<meta property=\"og:title\" content=\"Greengear LPG Powered Equipment\" \/>\n<meta property=\"og:description\" content=\"LPG\/prop\u00e1nov\u00fd minitransport\u00e9r AMTI-4.0C m\u00f4\u017ee by\u0165 vhodn\u00fdm pomocn\u00edkom na dru\u017estve alebo stavbe, preto\u017ee v\u010faka motoru dok\u00e1\u017ee prepravi\u0165 \u0165a\u017ek\u00e9 bremen\u00e1. Lo\u017en\u00e1 locha m\u00e1 proti\u0161mykov\u00e9 p\u00e1sy a v prednej \u010dasti upev\u0148ovacie ok\u00e1 pre zaistenie n\u00e1kladu.\" \/>\n<meta property=\"og:url\" content=\"https:\/\/www.greengearglobal.com\/sk\/produkt\/lpgpropanovy-minitransporter-amti-4-0c\/\" \/>\n<meta property=\"og:site_name\" content=\"Greengear\" \/>\n<meta property=\"article:publisher\" content=\"https:\/\/www.facebook.com\/greengear.co\" \/>\n<meta property=\"article:modified_time\" content=\"2017-01-13T13:49:43+00:00\" \/>\n<meta property=\"og:image\" content=\"https:\/\/www.greengearglobal.com\/wp-content\/uploads\/2016\/09\/AMTI-4.2C-G65.png\" \/>\n\t<meta property=\"og:image:width\" content=\"1000\" \/>\n\t<meta property=\"og:image:height\" content=\"983\" \/>\n\t<meta property=\"og:image:type\" content=\"image\/png\" \/>\n<script type=\"application\/ld+json\" class=\"yoast-schema-graph\">{\"@context\":\"https:\/\/schema.org\",\"@graph\":[{\"@type\":\"WebPage\",\"@id\":\"https:\/\/www.greengearglobal.com\/sk\/produkt\/lpgpropanovy-minitransporter-amti-4-0c\/\",\"url\":\"https:\/\/www.greengearglobal.com\/sk\/produkt\/lpgpropanovy-minitransporter-amti-4-0c\/\",\"name\":\"Greengear LPG Powered Equipment\",\"isPartOf\":{\"@id\":\"https:\/\/www.greengearglobal.com\/#website\"},\"primaryImageOfPage\":{\"@id\":\"https:\/\/www.greengearglobal.com\/sk\/produkt\/lpgpropanovy-minitransporter-amti-4-0c\/#primaryimage\"},\"image\":{\"@id\":\"https:\/\/www.greengearglobal.com\/sk\/produkt\/lpgpropanovy-minitransporter-amti-4-0c\/#primaryimage\"},\"thumbnailUrl\":\"https:\/\/www.greengearglobal.com\/wp-content\/uploads\/2016\/09\/AMTI-4.2C-G65.png\",\"datePublished\":\"2014-10-27T16:43:07+00:00\",\"dateModified\":\"2017-01-13T13:49:43+00:00\",\"breadcrumb\":{\"@id\":\"https:\/\/www.greengearglobal.com\/sk\/produkt\/lpgpropanovy-minitransporter-amti-4-0c\/#breadcrumb\"},\"inLanguage\":\"sk-SK\",\"potentialAction\":[{\"@type\":\"ReadAction\",\"target\":[\"https:\/\/www.greengearglobal.com\/sk\/produkt\/lpgpropanovy-minitransporter-amti-4-0c\/\"]}]},{\"@type\":\"ImageObject\",\"inLanguage\":\"sk-SK\",\"@id\":\"https:\/\/www.greengearglobal.com\/sk\/produkt\/lpgpropanovy-minitransporter-amti-4-0c\/#primaryimage\",\"url\":\"https:\/\/www.greengearglobal.com\/wp-content\/uploads\/2016\/09\/AMTI-4.2C-G65.png\",\"contentUrl\":\"https:\/\/www.greengearglobal.com\/wp-content\/uploads\/2016\/09\/AMTI-4.2C-G65.png\",\"width\":1000,\"height\":983},{\"@type\":\"BreadcrumbList\",\"@id\":\"https:\/\/www.greengearglobal.com\/sk\/produkt\/lpgpropanovy-minitransporter-amti-4-0c\/#breadcrumb\",\"itemListElement\":[{\"@type\":\"ListItem\",\"position\":1,\"name\":\"Home\",\"item\":\"https:\/\/www.greengearglobal.com\/sk\/\"},{\"@type\":\"ListItem\",\"position\":2,\"name\":\"Shop\",\"item\":\"https:\/\/www.greengearglobal.com\/it\/shop\/\"},{\"@type\":\"ListItem\",\"position\":3,\"name\":\"LPG\/prop\u00e1nov\u00fd minitransport\u00e9r AMTI-4.0C\"}]},{\"@type\":\"WebSite\",\"@id\":\"https:\/\/www.greengearglobal.com\/#website\",\"url\":\"https:\/\/www.greengearglobal.com\/\",\"name\":\"Greengear\",\"description\":\"This is the Greengear Revolution\",\"publisher\":{\"@id\":\"https:\/\/www.greengearglobal.com\/#organization\"},\"potentialAction\":[{\"@type\":\"SearchAction\",\"target\":{\"@type\":\"EntryPoint\",\"urlTemplate\":\"https:\/\/www.greengearglobal.com\/?s={search_term_string}\"},\"query-input\":{\"@type\":\"PropertyValueSpecification\",\"valueRequired\":true,\"valueName\":\"search_term_string\"}}],\"inLanguage\":\"sk-SK\"},{\"@type\":\"Organization\",\"@id\":\"https:\/\/www.greengearglobal.com\/#organization\",\"name\":\"Greengear Global Srl\",\"url\":\"https:\/\/www.greengearglobal.com\/\",\"logo\":{\"@type\":\"ImageObject\",\"inLanguage\":\"sk-SK\",\"@id\":\"https:\/\/www.greengearglobal.com\/#\/schema\/logo\/image\/\",\"url\":\"https:\/\/www.greengearglobal.com\/wp-content\/uploads\/2016\/03\/logo-full@3x.png\",\"contentUrl\":\"https:\/\/www.greengearglobal.com\/wp-content\/uploads\/2016\/03\/logo-full@3x.png\",\"width\":578,\"height\":316,\"caption\":\"Greengear Global Srl\"},\"image\":{\"@id\":\"https:\/\/www.greengearglobal.com\/#\/schema\/logo\/image\/\"},\"sameAs\":[\"https:\/\/www.facebook.com\/greengear.co\",\"https:\/\/x.com\/greengear_\",\"https:\/\/www.linkedin.com\/company\/greengear-global\",\"https:\/\/www.youtube.com\/channel\/UCaeDkffBPME6DcC-wPuJL9w\"]}]}<\/script>\n<!-- \/ Yoast SEO plugin. -->","yoast_head_json":{"title":"Greengear LPG Powered Equipment","robots":{"index":"index","follow":"follow","max-snippet":"max-snippet:-1","max-image-preview":"max-image-preview:large","max-video-preview":"max-video-preview:-1"},"canonical":"https:\/\/www.greengearglobal.com\/sk\/produkt\/lpgpropanovy-minitransporter-amti-4-0c\/","og_locale":"sk_SK","og_type":"article","og_title":"Greengear LPG Powered Equipment","og_description":"LPG\/prop\u00e1nov\u00fd minitransport\u00e9r AMTI-4.0C m\u00f4\u017ee by\u0165 vhodn\u00fdm pomocn\u00edkom na dru\u017estve alebo stavbe, preto\u017ee v\u010faka motoru dok\u00e1\u017ee prepravi\u0165 \u0165a\u017ek\u00e9 bremen\u00e1. Lo\u017en\u00e1 locha m\u00e1 proti\u0161mykov\u00e9 p\u00e1sy a v prednej \u010dasti upev\u0148ovacie ok\u00e1 pre zaistenie n\u00e1kladu.","og_url":"https:\/\/www.greengearglobal.com\/sk\/produkt\/lpgpropanovy-minitransporter-amti-4-0c\/","og_site_name":"Greengear","article_publisher":"https:\/\/www.facebook.com\/greengear.co","article_modified_time":"2017-01-13T13:49:43+00:00","og_image":[{"width":1000,"height":983,"url":"https:\/\/www.greengearglobal.com\/wp-content\/uploads\/2016\/09\/AMTI-4.2C-G65.png","type":"image\/png"}],"schema":{"@context":"https:\/\/schema.org","@graph":[{"@type":"WebPage","@id":"https:\/\/www.greengearglobal.com\/sk\/produkt\/lpgpropanovy-minitransporter-amti-4-0c\/","url":"https:\/\/www.greengearglobal.com\/sk\/produkt\/lpgpropanovy-minitransporter-amti-4-0c\/","name":"Greengear LPG Powered Equipment","isPartOf":{"@id":"https:\/\/www.greengearglobal.com\/#website"},"primaryImageOfPage":{"@id":"https:\/\/www.greengearglobal.com\/sk\/produkt\/lpgpropanovy-minitransporter-amti-4-0c\/#primaryimage"},"image":{"@id":"https:\/\/www.greengearglobal.com\/sk\/produkt\/lpgpropanovy-minitransporter-amti-4-0c\/#primaryimage"},"thumbnailUrl":"https:\/\/www.greengearglobal.com\/wp-content\/uploads\/2016\/09\/AMTI-4.2C-G65.png","datePublished":"2014-10-27T16:43:07+00:00","dateModified":"2017-01-13T13:49:43+00:00","breadcrumb":{"@id":"https:\/\/www.greengearglobal.com\/sk\/produkt\/lpgpropanovy-minitransporter-amti-4-0c\/#breadcrumb"},"inLanguage":"sk-SK","potentialAction":[{"@type":"ReadAction","target":["https:\/\/www.greengearglobal.com\/sk\/produkt\/lpgpropanovy-minitransporter-amti-4-0c\/"]}]},{"@type":"ImageObject","inLanguage":"sk-SK","@id":"https:\/\/www.greengearglobal.com\/sk\/produkt\/lpgpropanovy-minitransporter-amti-4-0c\/#primaryimage","url":"https:\/\/www.greengearglobal.com\/wp-content\/uploads\/2016\/09\/AMTI-4.2C-G65.png","contentUrl":"https:\/\/www.greengearglobal.com\/wp-content\/uploads\/2016\/09\/AMTI-4.2C-G65.png","width":1000,"height":983},{"@type":"BreadcrumbList","@id":"https:\/\/www.greengearglobal.com\/sk\/produkt\/lpgpropanovy-minitransporter-amti-4-0c\/#breadcrumb","itemListElement":[{"@type":"ListItem","position":1,"name":"Home","item":"https:\/\/www.greengearglobal.com\/sk\/"},{"@type":"ListItem","position":2,"name":"Shop","item":"https:\/\/www.greengearglobal.com\/it\/shop\/"},{"@type":"ListItem","position":3,"name":"LPG\/prop\u00e1nov\u00fd minitransport\u00e9r AMTI-4.0C"}]},{"@type":"WebSite","@id":"https:\/\/www.greengearglobal.com\/#website","url":"https:\/\/www.greengearglobal.com\/","name":"Greengear","description":"This is the Greengear Revolution","publisher":{"@id":"https:\/\/www.greengearglobal.com\/#organization"},"potentialAction":[{"@type":"SearchAction","target":{"@type":"EntryPoint","urlTemplate":"https:\/\/www.greengearglobal.com\/?s={search_term_string}"},"query-input":{"@type":"PropertyValueSpecification","valueRequired":true,"valueName":"search_term_string"}}],"inLanguage":"sk-SK"},{"@type":"Organization","@id":"https:\/\/www.greengearglobal.com\/#organization","name":"Greengear Global Srl","url":"https:\/\/www.greengearglobal.com\/","logo":{"@type":"ImageObject","inLanguage":"sk-SK","@id":"https:\/\/www.greengearglobal.com\/#\/schema\/logo\/image\/","url":"https:\/\/www.greengearglobal.com\/wp-content\/uploads\/2016\/03\/logo-full@3x.png","contentUrl":"https:\/\/www.greengearglobal.com\/wp-content\/uploads\/2016\/03\/logo-full@3x.png","width":578,"height":316,"caption":"Greengear Global Srl"},"image":{"@id":"https:\/\/www.greengearglobal.com\/#\/schema\/logo\/image\/"},"sameAs":["https:\/\/www.facebook.com\/greengear.co","https:\/\/x.com\/greengear_","https:\/\/www.linkedin.com\/company\/greengear-global","https:\/\/www.youtube.com\/channel\/UCaeDkffBPME6DcC-wPuJL9w"]}]}},"_links":{"self":[{"href":"https:\/\/www.greengearglobal.com\/sk\/wp-json\/wp\/v2\/product\/2879","targetHints":{"allow":["GET"]}}],"collection":[{"href":"https:\/\/www.greengearglobal.com\/sk\/wp-json\/wp\/v2\/product"}],"about":[{"href":"https:\/\/www.greengearglobal.com\/sk\/wp-json\/wp\/v2\/types\/product"}],"replies":[{"embeddable":true,"href":"https:\/\/www.greengearglobal.com\/sk\/wp-json\/wp\/v2\/comments?post=2879"}],"wp:featuredmedia":[{"embeddable":true,"href":"https:\/\/www.greengearglobal.com\/sk\/wp-json\/wp\/v2\/media\/2880"}],"wp:attachment":[{"href":"https:\/\/www.greengearglobal.com\/sk\/wp-json\/wp\/v2\/media?parent=2879"}],"wp:term":[{"taxonomy":"product_brand","embeddable":true,"href":"https:\/\/www.greengearglobal.com\/sk\/wp-json\/wp\/v2\/product_brand?post=2879"},{"taxonomy":"product_cat","embeddable":true,"href":"https:\/\/www.greengearglobal.com\/sk\/wp-json\/wp\/v2\/product_cat?post=2879"},{"taxonomy":"product_tag","embeddable":true,"href":"https:\/\/www.greengearglobal.com\/sk\/wp-json\/wp\/v2\/product_tag?post=2879"}],"curies":[{"name":"wp","href":"https:\/\/api.w.org\/{rel}","templated":true}]}}